{"id":178,"date":"2021-08-30T17:41:15","date_gmt":"2021-08-30T15:41:15","guid":{"rendered":"https:\/\/www.drevenicaumateja.sk\/?page_id=178"},"modified":"2021-08-31T13:52:51","modified_gmt":"2021-08-31T11:52:51","slug":"vybavenie","status":"publish","type":"page","link":"https:\/\/www.drevenicaumateja.sk\/index.php\/vybavenie\/","title":{"rendered":"Vybavenie"},"content":{"rendered":"\n<p>Pre na\u0161ich host\u00ed je k dispoz\u00edcii po\u010das letnej sez\u00f3ny vonkaj\u0161\u00ed baz\u00e9n, po\u010das zimnej sez\u00f3ny vonkaj\u0161ia k\u00fapacia ka\u010fa &#8211; v\u00edrivka. K\u00fapanie vo vonkaj\u0161ej k\u00fapacej kadi nie je zahrnut\u00e9 v cene ubytovania a hrad\u00ed sa samostatne . <strong>Z\u00e1ujem je nutn\u00e9 nahl\u00e1si\u0165 vopred<\/strong>, nako\u013eko ka\u010fu treba vopred pripravi\u0165.<br><br>\u010eal\u0161ia v\u00fdbava drevenice: <\/p>\n\n\n\n<ul class=\"wp-block-list\"><li>ly\u017eiare\u0148 so su\u0161i\u010dom ly\u017eiarok \ud83c\udfbf<\/li><li>stoln\u00fd futbal \u26bd\ufe0f<\/li><li>\u0161\u00edpky \ud83c\udfaf<\/li><li>pingpong st\u00f4l a rakety \ud83c\udfd3<\/li><li>trampol\u00edna \ud83d\udd78<\/li><li>detsk\u00fd dom\u010dek \ud83c\udfe0<\/li><li>hojda\u010dky a \u0161myk\u013eavka \ud83d\ude4b\u200d\u2642\ufe0f<\/li><li>volejbalovo-nohejbalov\u00e9 ihrisko \u26bd\ufe0f\ud83c\udfd0<\/li><\/ul>\n\n\n\n<p><br><br>V drevenici s\u00fa 2 samostatn\u00e9 kuchyne, vybaven\u00e9 elektro spotrebi\u010dmi <\/p>\n\n\n\n<ul class=\"wp-block-list\"><li>3x 120L chladni\u010dka s mraziakom, pr\u00edpadne v\u00fdparn\u00edkom,<\/li><li>2x kanvica,<\/li><li>2x teplovzdu\u0161n\u00e1 r\u00fara,<\/li><li>2x mikrovlnka,<\/li><li>1x um\u00fdva\u010dka riadu.<\/li><\/ul>\n\n\n\n<p>Na dvore sa nach\u00e1dzaj\u00fa 2 kryt\u00e9 \u0161t\u00fdlov\u00e9 sedenia, s vonkaj\u0161\u00edmi krbmi a kotlinou na pr\u00edpravu gul\u00e1\u0161u.<\/p>\n\n\n\n<div style=\"height:50px\" aria-hidden=\"true\" class=\"wp-block-spacer\"><\/div>\n\n\n\n<figure class=\"wp-block-gallery columns-3 is-cropped wp-block-gallery-1 is-layout-flex wp-block-gallery-is-layout-flex\"><ul class=\"blocks-gallery-grid\"><li class=\"blocks-gallery-item\"><figure><img loading=\"lazy\" decoding=\"async\" width=\"1024\" height=\"768\" src=\"https:\/\/www.drevenicaumateja.sk\/wp-content\/uploads\/2021\/06\/c8179bb5-e568-4dd3-ba55-e7d8d2bc1eda.jpg\" alt=\"\" data-id=\"45\" data-full-url=\"https:\/\/www.drevenicaumateja.sk\/wp-content\/uploads\/2021\/06\/c8179bb5-e568-4dd3-ba55-e7d8d2bc1eda.jpg\" data-link=\"https:\/\/www.drevenicaumateja.sk\/c8179bb5-e568-4dd3-ba55-e7d8d2bc1eda\/\" class=\"wp-image-45\" srcset=\"https:\/\/www.drevenicaumateja.sk\/wp-content\/uploads\/2021\/06\/c8179bb5-e568-4dd3-ba55-e7d8d2bc1eda.jpg 1024w, https:\/\/www.drevenicaumateja.sk\/wp-content\/uploads\/2021\/06\/c8179bb5-e568-4dd3-ba55-e7d8d2bc1eda-300x225.jpg 300w, https:\/\/www.drevenicaumateja.sk\/wp-content\/uploads\/2021\/06\/c8179bb5-e568-4dd3-ba55-e7d8d2bc1eda-768x576.jpg 768w\" sizes=\"auto, (max-width: 1024px) 100vw, 1024px\" \/><\/figure><\/li><li class=\"blocks-gallery-item\"><figure><img loading=\"lazy\" decoding=\"async\" width=\"1024\" height=\"1024\" src=\"https:\/\/www.drevenicaumateja.sk\/wp-content\/uploads\/2021\/06\/ce7a1ae6-7e48-417c-9855-71d99e203989.jpg\" alt=\"\" data-id=\"47\" data-full-url=\"https:\/\/www.drevenicaumateja.sk\/wp-content\/uploads\/2021\/06\/ce7a1ae6-7e48-417c-9855-71d99e203989.jpg\" data-link=\"https:\/\/www.drevenicaumateja.sk\/ce7a1ae6-7e48-417c-9855-71d99e203989\/\" class=\"wp-image-47\" srcset=\"https:\/\/www.drevenicaumateja.sk\/wp-content\/uploads\/2021\/06\/ce7a1ae6-7e48-417c-9855-71d99e203989.jpg 1024w, https:\/\/www.drevenicaumateja.sk\/wp-content\/uploads\/2021\/06\/ce7a1ae6-7e48-417c-9855-71d99e203989-300x300.jpg 300w, https:\/\/www.drevenicaumateja.sk\/wp-content\/uploads\/2021\/06\/ce7a1ae6-7e48-417c-9855-71d99e203989-150x150.jpg 150w, https:\/\/www.drevenicaumateja.sk\/wp-content\/uploads\/2021\/06\/ce7a1ae6-7e48-417c-9855-71d99e203989-768x768.jpg 768w\" sizes=\"auto, (max-width: 1024px) 100vw, 1024px\" \/><\/figure><\/li><li class=\"blocks-gallery-item\"><figure><img loading=\"lazy\" decoding=\"async\" width=\"1024\" height=\"1024\" src=\"https:\/\/www.drevenicaumateja.sk\/wp-content\/uploads\/2021\/06\/6d17edcf-9c90-4934-b5f5-850844a9f687.jpg\" alt=\"\" data-id=\"16\" data-full-url=\"https:\/\/www.drevenicaumateja.sk\/wp-content\/uploads\/2021\/06\/6d17edcf-9c90-4934-b5f5-850844a9f687.jpg\" data-link=\"https:\/\/www.drevenicaumateja.sk\/6d17edcf-9c90-4934-b5f5-850844a9f687\/\" class=\"wp-image-16\" srcset=\"https:\/\/www.drevenicaumateja.sk\/wp-content\/uploads\/2021\/06\/6d17edcf-9c90-4934-b5f5-850844a9f687.jpg 1024w, https:\/\/www.drevenicaumateja.sk\/wp-content\/uploads\/2021\/06\/6d17edcf-9c90-4934-b5f5-850844a9f687-300x300.jpg 300w, https:\/\/www.drevenicaumateja.sk\/wp-content\/uploads\/2021\/06\/6d17edcf-9c90-4934-b5f5-850844a9f687-150x150.jpg 150w, https:\/\/www.drevenicaumateja.sk\/wp-content\/uploads\/2021\/06\/6d17edcf-9c90-4934-b5f5-850844a9f687-768x768.jpg 768w\" sizes=\"auto, (max-width: 1024px) 100vw, 1024px\" \/><\/figure><\/li><li class=\"blocks-gallery-item\"><figure><img loading=\"lazy\" decoding=\"async\" width=\"1024\" height=\"768\" src=\"https:\/\/www.drevenicaumateja.sk\/wp-content\/uploads\/2021\/06\/e5d5cfcf-5fbd-4e09-8c89-9f4c551f17d5.jpg\" alt=\"\" data-id=\"53\" data-full-url=\"https:\/\/www.drevenicaumateja.sk\/wp-content\/uploads\/2021\/06\/e5d5cfcf-5fbd-4e09-8c89-9f4c551f17d5.jpg\" data-link=\"https:\/\/www.drevenicaumateja.sk\/e5d5cfcf-5fbd-4e09-8c89-9f4c551f17d5\/\" class=\"wp-image-53\" srcset=\"https:\/\/www.drevenicaumateja.sk\/wp-content\/uploads\/2021\/06\/e5d5cfcf-5fbd-4e09-8c89-9f4c551f17d5.jpg 1024w, https:\/\/www.drevenicaumateja.sk\/wp-content\/uploads\/2021\/06\/e5d5cfcf-5fbd-4e09-8c89-9f4c551f17d5-300x225.jpg 300w, https:\/\/www.drevenicaumateja.sk\/wp-content\/uploads\/2021\/06\/e5d5cfcf-5fbd-4e09-8c89-9f4c551f17d5-768x576.jpg 768w\" sizes=\"auto, (max-width: 1024px) 100vw, 1024px\" \/><\/figure><\/li><li class=\"blocks-gallery-item\"><figure><img loading=\"lazy\" decoding=\"async\" width=\"768\" height=\"1024\" src=\"https:\/\/www.drevenicaumateja.sk\/wp-content\/uploads\/2021\/06\/b411c45a-623d-4fad-9352-8eec7e387674-768x1024.jpg\" alt=\"\" data-id=\"40\" data-full-url=\"https:\/\/www.drevenicaumateja.sk\/wp-content\/uploads\/2021\/06\/b411c45a-623d-4fad-9352-8eec7e387674.jpg\" data-link=\"https:\/\/www.drevenicaumateja.sk\/b411c45a-623d-4fad-9352-8eec7e387674\/\" class=\"wp-image-40\" srcset=\"https:\/\/www.drevenicaumateja.sk\/wp-content\/uploads\/2021\/06\/b411c45a-623d-4fad-9352-8eec7e387674-768x1024.jpg 768w, https:\/\/www.drevenicaumateja.sk\/wp-content\/uploads\/2021\/06\/b411c45a-623d-4fad-9352-8eec7e387674-225x300.jpg 225w, https:\/\/www.drevenicaumateja.sk\/wp-content\/uploads\/2021\/06\/b411c45a-623d-4fad-9352-8eec7e387674.jpg 1024w\" sizes=\"auto, (max-width: 768px) 100vw, 768px\" \/><\/figure><\/li><li class=\"blocks-gallery-item\"><figure><img loading=\"lazy\" decoding=\"async\" width=\"768\" height=\"1024\" src=\"https:\/\/www.drevenicaumateja.sk\/wp-content\/uploads\/2021\/06\/ddaf42ca-b38c-4ac6-84ad-791e66d20c3b-768x1024.jpg\" alt=\"\" data-id=\"51\" data-full-url=\"https:\/\/www.drevenicaumateja.sk\/wp-content\/uploads\/2021\/06\/ddaf42ca-b38c-4ac6-84ad-791e66d20c3b.jpg\" data-link=\"https:\/\/www.drevenicaumateja.sk\/ddaf42ca-b38c-4ac6-84ad-791e66d20c3b\/\" class=\"wp-image-51\" srcset=\"https:\/\/www.drevenicaumateja.sk\/wp-content\/uploads\/2021\/06\/ddaf42ca-b38c-4ac6-84ad-791e66d20c3b-768x1024.jpg 768w, https:\/\/www.drevenicaumateja.sk\/wp-content\/uploads\/2021\/06\/ddaf42ca-b38c-4ac6-84ad-791e66d20c3b-225x300.jpg 225w, https:\/\/www.drevenicaumateja.sk\/wp-content\/uploads\/2021\/06\/ddaf42ca-b38c-4ac6-84ad-791e66d20c3b.jpg 1024w\" sizes=\"auto, (max-width: 768px) 100vw, 768px\" \/><\/figure><\/li><li class=\"blocks-gallery-item\"><figure><img loading=\"lazy\" decoding=\"async\" width=\"1024\" height=\"768\" src=\"https:\/\/www.drevenicaumateja.sk\/wp-content\/uploads\/2021\/06\/dfd19011-8f36-46f5-8b3a-300b11b7f212.jpg\" alt=\"\" data-id=\"52\" data-full-url=\"https:\/\/www.drevenicaumateja.sk\/wp-content\/uploads\/2021\/06\/dfd19011-8f36-46f5-8b3a-300b11b7f212.jpg\" data-link=\"https:\/\/www.drevenicaumateja.sk\/dfd19011-8f36-46f5-8b3a-300b11b7f212\/\" class=\"wp-image-52\" srcset=\"https:\/\/www.drevenicaumateja.sk\/wp-content\/uploads\/2021\/06\/dfd19011-8f36-46f5-8b3a-300b11b7f212.jpg 1024w, https:\/\/www.drevenicaumateja.sk\/wp-content\/uploads\/2021\/06\/dfd19011-8f36-46f5-8b3a-300b11b7f212-300x225.jpg 300w, https:\/\/www.drevenicaumateja.sk\/wp-content\/uploads\/2021\/06\/dfd19011-8f36-46f5-8b3a-300b11b7f212-768x576.jpg 768w\" sizes=\"auto, (max-width: 1024px) 100vw, 1024px\" \/><\/figure><\/li><li class=\"blocks-gallery-item\"><figure><img loading=\"lazy\" decoding=\"async\" width=\"1024\" height=\"682\" src=\"https:\/\/www.drevenicaumateja.sk\/wp-content\/uploads\/2021\/06\/8801b34b-9e25-4d96-b285-a7cc164d410d.jpg\" alt=\"\" data-id=\"28\" data-full-url=\"https:\/\/www.drevenicaumateja.sk\/wp-content\/uploads\/2021\/06\/8801b34b-9e25-4d96-b285-a7cc164d410d.jpg\" data-link=\"https:\/\/www.drevenicaumateja.sk\/8801b34b-9e25-4d96-b285-a7cc164d410d\/\" class=\"wp-image-28\" srcset=\"https:\/\/www.drevenicaumateja.sk\/wp-content\/uploads\/2021\/06\/8801b34b-9e25-4d96-b285-a7cc164d410d.jpg 1024w, https:\/\/www.drevenicaumateja.sk\/wp-content\/uploads\/2021\/06\/8801b34b-9e25-4d96-b285-a7cc164d410d-300x200.jpg 300w, https:\/\/www.drevenicaumateja.sk\/wp-content\/uploads\/2021\/06\/8801b34b-9e25-4d96-b285-a7cc164d410d-768x512.jpg 768w, https:\/\/www.drevenicaumateja.sk\/wp-content\/uploads\/2021\/06\/8801b34b-9e25-4d96-b285-a7cc164d410d-930x620.jpg 930w\" sizes=\"auto, (max-width: 1024px) 100vw, 1024px\" \/><\/figure><\/li><li class=\"blocks-gallery-item\"><figure><img loading=\"lazy\" decoding=\"async\" width=\"1024\" height=\"768\" src=\"https:\/\/www.drevenicaumateja.sk\/wp-content\/uploads\/2021\/06\/b082d3b3-6d3c-4e32-9e63-e75202a83a1f.jpg\" alt=\"\" data-id=\"39\" data-full-url=\"https:\/\/www.drevenicaumateja.sk\/wp-content\/uploads\/2021\/06\/b082d3b3-6d3c-4e32-9e63-e75202a83a1f.jpg\" data-link=\"https:\/\/www.drevenicaumateja.sk\/b082d3b3-6d3c-4e32-9e63-e75202a83a1f\/\" class=\"wp-image-39\" srcset=\"https:\/\/www.drevenicaumateja.sk\/wp-content\/uploads\/2021\/06\/b082d3b3-6d3c-4e32-9e63-e75202a83a1f.jpg 1024w, https:\/\/www.drevenicaumateja.sk\/wp-content\/uploads\/2021\/06\/b082d3b3-6d3c-4e32-9e63-e75202a83a1f-300x225.jpg 300w, https:\/\/www.drevenicaumateja.sk\/wp-content\/uploads\/2021\/06\/b082d3b3-6d3c-4e32-9e63-e75202a83a1f-768x576.jpg 768w\" sizes=\"auto, (max-width: 1024px) 100vw, 1024px\" \/><\/figure><\/li><\/ul><\/figure>\n","protected":false},"excerpt":{"rendered":"<p>Pre na\u0161ich host\u00ed je k dispoz\u00edcii po\u010das letnej sez\u00f3ny vonkaj\u0161\u00ed baz\u00e9n, po\u010das zimnej sez\u00f3ny vonkaj\u0161ia k\u00fapacia ka\u010fa &#8211; v\u00edrivka. K\u00fapanie vo vonkaj\u0161ej k\u00fapacej kadi nie je zahrnut\u00e9 v cene ubytovania a hrad\u00ed sa samostatne . Z\u00e1ujem je nutn\u00e9 nahl\u00e1si\u0165 vopred, nako\u013eko ka\u010fu treba vopred pripravi\u0165. \u010eal\u0161ia v\u00fdbava drevenice: ly\u017eiare\u0148 so su\u0161i\u010dom ly\u017eiarok \ud83c\udfbf stoln\u00fd futbal&hellip;&nbsp;<a href=\"https:\/\/www.drevenicaumateja.sk\/index.php\/vybavenie\/\" class=\"\" rel=\"bookmark\">\u010c\u00edta\u0165 viac &raquo;<span class=\"screen-reader-text\">Vybavenie<\/span><\/a><\/p>\n","protected":false},"author":1,"featured_media":0,"parent":0,"menu_order":0,"comment_status":"closed","ping_status":"closed","template":"","meta":{"neve_meta_sidebar":"full-width","neve_meta_container":"","neve_meta_enable_content_width":"on","neve_meta_content_width":100,"neve_meta_title_alignment":"","neve_meta_author_avatar":"","neve_post_elements_order":"","neve_meta_disable_header":"","neve_meta_disable_footer":"","neve_meta_disable_title":"","footnotes":""},"class_list":["post-178","page","type-page","status-publish","hentry"],"aioseo_notices":[],"_links":{"self":[{"href":"https:\/\/www.drevenicaumateja.sk\/index.php\/wp-json\/wp\/v2\/pages\/178","targetHints":{"allow":["GET"]}}],"collection":[{"href":"https:\/\/www.drevenicaumateja.sk\/index.php\/wp-json\/wp\/v2\/pages"}],"about":[{"href":"https:\/\/www.drevenicaumateja.sk\/index.php\/wp-json\/wp\/v2\/types\/page"}],"author":[{"embeddable":true,"href":"https:\/\/www.drevenicaumateja.sk\/index.php\/wp-json\/wp\/v2\/users\/1"}],"replies":[{"embeddable":true,"href":"https:\/\/www.drevenicaumateja.sk\/index.php\/wp-json\/wp\/v2\/comments?post=178"}],"version-history":[{"count":12,"href":"https:\/\/www.drevenicaumateja.sk\/index.php\/wp-json\/wp\/v2\/pages\/178\/revisions"}],"predecessor-version":[{"id":271,"href":"https:\/\/www.drevenicaumateja.sk\/index.php\/wp-json\/wp\/v2\/pages\/178\/revisions\/271"}],"wp:attachment":[{"href":"https:\/\/www.drevenicaumateja.sk\/index.php\/wp-json\/wp\/v2\/media?parent=178"}],"curies":[{"name":"wp","href":"https:\/\/api.w.org\/{rel}","templated":true}]}}